{"id":130,"date":"2023-04-25T18:46:52","date_gmt":"2023-04-25T18:46:52","guid":{"rendered":"https:\/\/elenaalbertiveterinaria.com\/?page_id=130"},"modified":"2023-11-02T16:01:35","modified_gmt":"2023-11-02T16:01:35","slug":"escuelas-talleres-para-colegios","status":"publish","type":"page","link":"https:\/\/elenaalbertiveterinaria.com\/en\/escuelas-talleres-para-colegios\/","title":{"rendered":"Familias"},"content":{"rendered":"<p>[et_pb_section fb_built=\u00bb1&#8243; next_background_color=\u00bb#67C0B6&#8243; _builder_version=\u00bb4.20.4&#8243; _module_preset=\u00bbdefault\u00bb background_image=\u00bbhttps:\/\/elenaalbertiveterinaria.com\/wp-content\/uploads\/2023\/04\/Portada.jpg\u00bb custom_padding=\u00bb150px||150px||false|false\u00bb bottom_divider_style=\u00bbcurve2&#8243; animation_direction=\u00bbtop\u00bb hover_enabled=\u00bb0&#8243; global_colors_info=\u00bb{}\u00bb background_color=\u00bb#67C0B6&#8243; sticky_enabled=\u00bb0&#8243;][et_pb_row column_structure=\u00bb3_5,2_5&#8243; _builder_version=\u00bb4.20.4&#8243; _module_preset=\u00bbdefault\u00bb global_colors_info=\u00bb{}\u00bb][et_pb_column type=\u00bb3_5&#8243; _builder_version=\u00bb4.20.4&#8243; _module_preset=\u00bbdefault\u00bb background_enable_color=\u00bboff\u00bb custom_padding=\u00bb|30px|30px|30px|false|false\u00bb global_colors_info=\u00bb{}\u00bb][et_pb_text _builder_version=\u00bb4.20.4&#8243; _module_preset=\u00bbdefault\u00bb header_font=\u00bbDM Sans||||||||\u00bb header_text_color=\u00bb#AB2B3F\u00bb header_3_font=\u00bbAlata|700|||||||\u00bb header_3_text_align=\u00bbleft\u00bb header_3_text_color=\u00bb#161c2d\u00bb header_3_font_size=\u00bb36px\u00bb header_3_letter_spacing=\u00bb-1px\u00bb header_3_line_height=\u00bb1.3em\u00bb background_color=\u00bb#FFFFFF\u00bb max_width=\u00bb542px\u00bb module_alignment=\u00bbleft\u00bb custom_margin=\u00bb||||false|false\u00bb custom_margin_tablet=\u00bb-10px||||false|false\u00bb custom_margin_phone=\u00bb-10px||||false|false\u00bb custom_margin_last_edited=\u00bbon|desktop\u00bb custom_padding=\u00bb30px|30px|30px|30px|true|true\u00bb border_radii=\u00bbon|15px|15px|15px|15px\u00bb box_shadow_style=\u00bbpreset3&#8243; global_colors_info=\u00bb{}\u00bb]<\/p>\n<h1><strong>Familias<\/strong><\/h1>\n<p><strong><\/strong><\/p>\n<h2 jscontroller=\"Ae65rd\" jsaction=\"touchstart:UrsOsc; click:KjsqPd; focusout:QZoaZ; mouseover:y0pDld; mouseout:dq0hvd;fv1Rjc:jbFSOd;CrfLRd:SzACGe;\" class=\"CjVfdc CJIdie\"><span class=\"jwAKzb\"><strong>Mira que tengo para ti<\/strong><\/span><\/h2>\n<div id=\"h.lkres2iich7d\" class=\"Ap4VC aP9Z7e\"><\/div>\n<div jscontroller=\"Ae65rd\" jsaction=\"touchstart:UrsOsc; click:KjsqPd; focusout:QZoaZ; mouseover:y0pDld; mouseout:dq0hvd;fv1Rjc:jbFSOd;CrfLRd:SzACGe;\" class=\"CjVfdc\"><\/div>\n<p>[\/et_pb_text][\/et_pb_column][et_pb_column type=\u00bb2_5&#8243; _builder_version=\u00bb4.20.4&#8243; _module_preset=\u00bbdefault\u00bb global_colors_info=\u00bb{}\u00bb][\/et_pb_column][\/et_pb_row][\/et_pb_section][et_pb_section fb_built=\u00bb1&#8243; _builder_version=\u00bb4.20.4&#8243; _module_preset=\u00bbdefault\u00bb background_color=\u00bb#67C0B6&#8243; global_colors_info=\u00bb{}\u00bb][et_pb_row column_structure=\u00bb1_3,1_3,1_3&#8243; use_custom_gutter=\u00bbon\u00bb gutter_width=\u00bb2&#8243; _builder_version=\u00bb4.20.4&#8243; _module_preset=\u00bbdefault\u00bb global_colors_info=\u00bb{}\u00bb][et_pb_column type=\u00bb1_3&#8243; _builder_version=\u00bb4.20.4&#8243; _module_preset=\u00bbdefault\u00bb global_colors_info=\u00bb{}\u00bb][et_pb_blurb title=\u00bbAsesoramiento en comportamiento canino\/felino\u00bb image=\u00bbhttps:\/\/elenaalbertiveterinaria.com\/wp-content\/uploads\/2023\/06\/gatos03.jpg\u00bb content_max_width=\u00bb100%\u00bb icon_placement_tablet=\u00bbleft\u00bb icon_placement_phone=\u00bbtop\u00bb icon_placement_last_edited=\u00bbon|desktop\u00bb _builder_version=\u00bb4.20.4&#8243; _module_preset=\u00bbdefault\u00bb header_level=\u00bbh3&#8243; header_font=\u00bb|700|||||||\u00bb header_text_color=\u00bb#AB2B3F\u00bb body_font_size=\u00bb16px\u00bb background_color=\u00bb#FFFFFF\u00bb image_icon_custom_margin=\u00bb|30px|||false|false\u00bb custom_padding=\u00bb30px|30px|30px|30px|false|false\u00bb border_radii=\u00bbon|15px|15px|15px|15px\u00bb border_radii_image=\u00bbon|15px|15px|15px|15px\u00bb box_shadow_style=\u00bbpreset3&#8243; global_colors_info=\u00bb{}\u00bb]<\/p>\n<div class=\"oKdM2c ZZyype Kzv0Me\">\n<div id=\"h.3f700dfb82f85f71_33\" class=\"hJDwNd-AhqUyc-EehZO Ft7HRd-AhqUyc-EehZO jXK9ad D2fZ2 zu5uec OjCsFc dmUFtb JYTMs\">\n<div class=\"jXK9ad-SmKAyb\">\n<div class=\"tyJCtd mGzaTb Depvyb baZpAe\">\n<p dir=\"ltr\" class=\"CDt4Ke zfr3Q\">Servicio de soporte etol\u00f3gico a las familias con un animal de compa\u00f1\u00eda.<\/p>\n<p dir=\"ltr\" class=\"CDt4Ke zfr3Q\">Este servicio es para ti si:<\/p>\n<ul class=\"n8H08c UVNKR\">\n<li dir=\"ltr\" class=\"TYR86d zfr3Q\">\n<p dir=\"ltr\" class=\"CDt4Ke zfr3Q\">Tienes un nuevo cachorro en casa y quieres prevenir futuros problemas de conducta<\/p>\n<\/li>\n<li dir=\"ltr\" class=\"TYR86d zfr3Q\">\n<p dir=\"ltr\" class=\"CDt4Ke zfr3Q\">Quieres introducir un nuevo animal de compa\u00f1\u00eda en casa (con otros animales)<\/p>\n<\/li>\n<li dir=\"ltr\" class=\"TYR86d zfr3Q\">\n<p dir=\"ltr\" class=\"CDt4Ke zfr3Q\">Va a llegar un beb\u00e9 a casa<\/p>\n<\/li>\n<li dir=\"ltr\" class=\"TYR86d zfr3Q\">\n<p dir=\"ltr\" class=\"CDt4Ke zfr3Q\">Pasear con tu perro se ha convertido en un suplicio, m\u00e1s que en un disfrute<\/p>\n<\/li>\n<li dir=\"ltr\" class=\"TYR86d zfr3Q\">\n<p dir=\"ltr\" class=\"CDt4Ke zfr3Q\">Tu perro es agresivo<\/p>\n<\/li>\n<li dir=\"ltr\" class=\"TYR86d zfr3Q\">\n<p dir=\"ltr\" class=\"CDt4Ke zfr3Q\">Tu perro tiene mucho miedo a los petardos o otras fobias<\/p>\n<\/li>\n<\/ul>\n<blockquote>\n<p dir=\"ltr\" class=\"CDt4Ke zfr3Q\">Las <span><strong>plazas<\/strong><\/span> para estos servicios individualizados son <span><strong>limitadas<\/strong><\/span>.<\/p>\n<p dir=\"ltr\" class=\"CDt4Ke zfr3Q\">Se ofrecen en dos modalidades: online y presencial (que se pueden combinar seg\u00fan el caso).<\/p>\n<p dir=\"ltr\" class=\"CDt4Ke zfr3Q\"><span class=\"aw5Odc\"><a class=\"XqQF9c\" href=\"https:\/\/sites.google.com\/view\/ealbertivet\/contacto?authuser=0\">Inf\u00f3rmate aqu\u00ed<\/a><\/span> o <span><strong>reserva<\/strong><\/span> ya <span><strong>tu plaza<\/strong><\/span>, rellenando directamente el <span class=\"aw5Odc\"><a class=\"XqQF9c\" href=\"https:\/\/docs.google.com\/forms\/d\/e\/1FAIpQLScsLk6X5-KFKEHglcOLe103jH48BieQ4UnmKCCJGCYfy68TJQ\/viewform?usp=sf_link\" target=\"_blank\" rel=\"noopener\"><strong>formulario<\/strong><\/a><\/span>.<\/p>\n<\/blockquote>\n<\/div>\n<\/div>\n<\/div>\n<\/div>\n<p>[\/et_pb_blurb][et_pb_button button_text=\u00bbContacto\u00bb button_alignment=\u00bbcenter\u00bb button_alignment_tablet=\u00bb\u00bb button_alignment_phone=\u00bbcenter\u00bb button_alignment_last_edited=\u00bbon|phone\u00bb _builder_version=\u00bb4.20.4&#8243; _module_preset=\u00bbdefault\u00bb custom_button=\u00bbon\u00bb button_text_size=\u00bb18px\u00bb button_text_color=\u00bb#FFFFFF\u00bb button_bg_color=\u00bb#AB2B3F\u00bb button_border_width=\u00bb0px\u00bb button_border_color=\u00bb#473BF0&#8243; button_border_radius=\u00bb8px\u00bb button_font=\u00bbDM Sans|700|||||||\u00bb button_use_icon=\u00bboff\u00bb custom_margin=\u00bb40px||||false|false\u00bb custom_padding=\u00bb13px|35px|13px|35px|true|true\u00bb locked=\u00bboff\u00bb global_colors_info=\u00bb{}\u00bb button_text_color__hover_enabled=\u00bbon|hover\u00bb button_text_color__hover=\u00bb#ffffff\u00bb button_bg_color__hover_enabled=\u00bbon|hover\u00bb button_bg_color__hover=\u00bb#67C0B6&#8243; button_bg_enable_color__hover=\u00bbon\u00bb button_border_color__hover_enabled=\u00bbon|hover\u00bb button_border_color__hover=\u00bb#f64b4b\u00bb button_letter_spacing__hover_enabled=\u00bbon|desktop\u00bb button_letter_spacing__hover=\u00bb0px\u00bb][\/et_pb_button][\/et_pb_column][et_pb_column type=\u00bb1_3&#8243; _builder_version=\u00bb4.20.4&#8243; _module_preset=\u00bbdefault\u00bb global_colors_info=\u00bb{}\u00bb][et_pb_blurb title=\u00bbEl microscopio: de la elecci\u00f3n al uso correcto\u00bb image=\u00bbhttps:\/\/elenaalbertiveterinaria.com\/wp-content\/uploads\/2023\/06\/microscopio.jpg\u00bb content_max_width=\u00bb100%\u00bb icon_placement_tablet=\u00bbleft\u00bb icon_placement_phone=\u00bbtop\u00bb icon_placement_last_edited=\u00bbon|desktop\u00bb _builder_version=\u00bb4.20.4&#8243; _module_preset=\u00bbdefault\u00bb header_level=\u00bbh3&#8243; header_font=\u00bb|700|||||||\u00bb header_text_color=\u00bb#AB2B3F\u00bb header_line_height=\u00bb1.1em\u00bb body_font_size=\u00bb16px\u00bb background_color=\u00bb#FFFFFF\u00bb image_icon_custom_margin=\u00bb|30px|||false|false\u00bb custom_padding=\u00bb30px|30px|30px|30px|false|false\u00bb border_radii=\u00bbon|15px|15px|15px|15px\u00bb border_radii_image=\u00bbon|15px|15px|15px|15px\u00bb box_shadow_style=\u00bbpreset3&#8243; global_colors_info=\u00bb{}\u00bb]<\/p>\n<p dir=\"ltr\" class=\"CDt4Ke zfr3Q\">\u00bfQuieres comprarte un microscopio y no sabes por d\u00f3nde empezar?<\/p>\n<p dir=\"ltr\" class=\"CDt4Ke zfr3Q\">\u00bfHas visto ya muchas marcas y no te acabas de decidir por ninguna?<\/p>\n<p dir=\"ltr\" class=\"CDt4Ke zfr3Q\">\u00bfO quiz\u00e1s ya tienes un microscopio y quieres sacarle el m\u00e1ximo partido,<\/p>\n<p dir=\"ltr\" class=\"CDt4Ke zfr3Q\">incluso disfrutarlo y compartirlo con familiares y amigos?<\/p>\n<p dir=\"ltr\" class=\"CDt4Ke zfr3Q\">\u00bfQuieres que te ense\u00f1e como hacer buenas fotos desde tu microscopio con tu tel\u00e9fono m\u00f3vil?<\/p>\n<p dir=\"ltr\" class=\"CDt4Ke zfr3Q\">Disfruta de este amplio mundo microsc\u00f3pico que nos rodea y de todas sus maravillas.<\/p>\n<p>[\/et_pb_blurb][et_pb_button button_text=\u00bbContacto\u00bb button_alignment=\u00bbcenter\u00bb button_alignment_tablet=\u00bb\u00bb button_alignment_phone=\u00bbcenter\u00bb button_alignment_last_edited=\u00bbon|phone\u00bb _builder_version=\u00bb4.20.4&#8243; _module_preset=\u00bbdefault\u00bb custom_button=\u00bbon\u00bb button_text_size=\u00bb18px\u00bb button_text_color=\u00bb#FFFFFF\u00bb button_bg_color=\u00bb#AB2B3F\u00bb button_border_width=\u00bb0px\u00bb button_border_color=\u00bb#473BF0&#8243; button_border_radius=\u00bb8px\u00bb button_font=\u00bbDM Sans|700|||||||\u00bb button_use_icon=\u00bboff\u00bb custom_margin=\u00bb40px||||false|false\u00bb custom_padding=\u00bb13px|35px|13px|35px|true|true\u00bb locked=\u00bboff\u00bb global_colors_info=\u00bb{}\u00bb button_text_color__hover_enabled=\u00bbon|hover\u00bb button_text_color__hover=\u00bb#ffffff\u00bb button_bg_color__hover_enabled=\u00bbon|hover\u00bb button_bg_color__hover=\u00bb#67C0B6&#8243; button_bg_enable_color__hover=\u00bbon\u00bb button_border_color__hover_enabled=\u00bbon|hover\u00bb button_border_color__hover=\u00bb#f64b4b\u00bb button_letter_spacing__hover_enabled=\u00bbon|desktop\u00bb button_letter_spacing__hover=\u00bb0px\u00bb][\/et_pb_button][\/et_pb_column][et_pb_column type=\u00bb1_3&#8243; _builder_version=\u00bb4.20.4&#8243; _module_preset=\u00bbdefault\u00bb global_colors_info=\u00bb{}\u00bb][et_pb_blurb title=\u00bbTaller de educaci\u00f3n en positivo mediante el clicker\u00bb image=\u00bbhttps:\/\/elenaalbertiveterinaria.com\/wp-content\/uploads\/2023\/06\/adopcion.jpg\u00bb content_max_width=\u00bb100%\u00bb icon_placement_tablet=\u00bbleft\u00bb icon_placement_phone=\u00bbtop\u00bb icon_placement_last_edited=\u00bbon|desktop\u00bb _builder_version=\u00bb4.20.4&#8243; _module_preset=\u00bbdefault\u00bb header_level=\u00bbh3&#8243; header_font=\u00bb|700|||||||\u00bb header_text_color=\u00bb#AB2B3F\u00bb header_line_height=\u00bb1.1em\u00bb body_font_size=\u00bb16px\u00bb background_color=\u00bb#FFFFFF\u00bb image_icon_custom_margin=\u00bb|30px|||false|false\u00bb custom_padding=\u00bb30px|30px|30px|30px|false|false\u00bb border_radii=\u00bbon|15px|15px|15px|15px\u00bb border_radii_image=\u00bbon|15px|15px|15px|15px\u00bb box_shadow_style=\u00bbpreset3&#8243; global_colors_info=\u00bb{}\u00bb]<\/p>\n<p dir=\"ltr\" class=\"CDt4Ke zfr3Q\"><span>Conoce este m\u00e9todo de educaci\u00f3n en positivo y disfruta de tu perro.<\/span><\/p>\n<p dir=\"ltr\" class=\"CDt4Ke zfr3Q\"><span>Este servicio es para ti si:<\/span><\/p>\n<ul class=\"n8H08c UVNKR\">\n<li dir=\"ltr\" class=\"TYR86d zfr3Q\">\n<p dir=\"ltr\" class=\"CDt4Ke zfr3Q\"><span>Tienes ganas de ense\u00f1ar a tu perro\/gato mediante la educaci\u00f3n en positivo<\/span><\/p>\n<\/li>\n<li dir=\"ltr\" class=\"TYR86d zfr3Q\">\n<p dir=\"ltr\" class=\"CDt4Ke zfr3Q\"><span>Quieres reforzar el v\u00ednculo con tu animal <\/span><\/p>\n<\/li>\n<li dir=\"ltr\" class=\"TYR86d zfr3Q\">\n<p dir=\"ltr\" class=\"CDt4Ke zfr3Q\"><span>Te gusta aprender trucos y disfrutar junto a a tu perro con nuevos retos<\/span><\/p>\n<\/li>\n<li dir=\"ltr\" class=\"TYR86d zfr3Q\">\n<p dir=\"ltr\" class=\"CDt4Ke zfr3Q\"><span>Disfrutas potenciando la capacidad de aprendizaje de tu animal y la tuya<\/span><\/p>\n<\/li>\n<li dir=\"ltr\" class=\"TYR86d zfr3Q\">\n<p dir=\"ltr\" class=\"CDt4Ke zfr3Q\"><span>Quer\u00e9is compartir nuevas experiencias<\/span><\/p>\n<\/li>\n<\/ul>\n<p>[\/et_pb_blurb][et_pb_button button_text=\u00bbContacto\u00bb button_alignment=\u00bbcenter\u00bb button_alignment_tablet=\u00bb\u00bb button_alignment_phone=\u00bbcenter\u00bb button_alignment_last_edited=\u00bbon|phone\u00bb _builder_version=\u00bb4.20.4&#8243; _module_preset=\u00bbdefault\u00bb custom_button=\u00bbon\u00bb button_text_size=\u00bb18px\u00bb button_text_color=\u00bb#FFFFFF\u00bb button_bg_color=\u00bb#AB2B3F\u00bb button_border_width=\u00bb0px\u00bb button_border_color=\u00bb#473BF0&#8243; button_border_radius=\u00bb8px\u00bb button_font=\u00bbDM Sans|700|||||||\u00bb button_use_icon=\u00bboff\u00bb custom_margin=\u00bb40px||||false|false\u00bb custom_padding=\u00bb13px|35px|13px|35px|true|true\u00bb locked=\u00bboff\u00bb global_colors_info=\u00bb{}\u00bb button_text_color__hover_enabled=\u00bbon|hover\u00bb button_text_color__hover=\u00bb#ffffff\u00bb button_bg_color__hover_enabled=\u00bbon|hover\u00bb button_bg_color__hover=\u00bb#67C0B6&#8243; button_bg_enable_color__hover=\u00bbon\u00bb button_border_color__hover_enabled=\u00bbon|hover\u00bb button_border_color__hover=\u00bb#f64b4b\u00bb button_letter_spacing__hover_enabled=\u00bbon|desktop\u00bb button_letter_spacing__hover=\u00bb0px\u00bb][\/et_pb_button][\/et_pb_column][\/et_pb_row][\/et_pb_section]<\/p>","protected":false},"excerpt":{"rendered":"<p>Familias Mira que tengo para ti Servicio de soporte etol\u00f3gico a las familias con un animal de compa\u00f1\u00eda. Este servicio es para ti si: Tienes un nuevo cachorro en casa y quieres prevenir futuros problemas de conducta Quieres introducir un nuevo animal de compa\u00f1\u00eda en casa (con otros animales) Va a llegar un beb\u00e9 a [&hellip;]<\/p>","protected":false},"author":2,"featured_media":0,"parent":0,"menu_order":0,"comment_status":"closed","ping_status":"closed","template":"","meta":{"_et_pb_use_builder":"on","_et_pb_old_content":"","_et_gb_content_width":"","om_disable_all_campaigns":false,"_monsterinsights_skip_tracking":false,"_monsterinsights_sitenote_active":false,"_monsterinsights_sitenote_note":"","_monsterinsights_sitenote_category":0,"_uf_show_specific_survey":0,"_uf_disable_surveys":false,"footnotes":""},"aioseo_notices":[],"yoast_head":"<!-- This site is optimized with the Yoast SEO plugin v22.9 - https:\/\/yoast.com\/wordpress\/plugins\/seo\/ -->\n<title>Familias - Elena Alberti<\/title>\n<meta name=\"description\" content=\"Escuelas talleres para colegios sobre Veterinaria desde la visi\u00f3n de una doctora en veterinaria. Talleres interactivos y conferencias con debate.\" \/>\n<meta name=\"robots\" content=\"index, follow, max-snippet:-1, max-image-preview:large, max-video-preview:-1\" \/>\n<link rel=\"canonical\" href=\"https:\/\/elenaalbertiveterinaria.com\/en\/escuelas-talleres-para-colegios\/\" \/>\n<meta property=\"og:locale\" content=\"en_GB\" \/>\n<meta property=\"og:type\" content=\"article\" \/>\n<meta property=\"og:title\" content=\"Familias - Elena Alberti\" \/>\n<meta property=\"og:description\" content=\"Escuelas talleres para colegios sobre Veterinaria desde la visi\u00f3n de una doctora en veterinaria. Talleres interactivos y conferencias con debate.\" \/>\n<meta property=\"og:url\" content=\"https:\/\/elenaalbertiveterinaria.com\/en\/escuelas-talleres-para-colegios\/\" \/>\n<meta property=\"og:site_name\" content=\"Elena Alberti\" \/>\n<meta property=\"article:modified_time\" content=\"2023-11-02T16:01:35+00:00\" \/>\n<meta name=\"twitter:card\" content=\"summary_large_image\" \/>\n<meta name=\"twitter:label1\" content=\"Estimated reading time\" \/>\n\t<meta name=\"twitter:data1\" content=\"5 minutes\" \/>\n<script type=\"application\/ld+json\" class=\"yoast-schema-graph\">{\"@context\":\"https:\/\/schema.org\",\"@graph\":[{\"@type\":\"WebPage\",\"@id\":\"https:\/\/elenaalbertiveterinaria.com\/escuelas-talleres-para-colegios\/\",\"url\":\"https:\/\/elenaalbertiveterinaria.com\/escuelas-talleres-para-colegios\/\",\"name\":\"Familias - Elena Alberti\",\"isPartOf\":{\"@id\":\"https:\/\/elenaalbertiveterinaria.com\/#website\"},\"datePublished\":\"2023-04-25T18:46:52+00:00\",\"dateModified\":\"2023-11-02T16:01:35+00:00\",\"description\":\"Escuelas talleres para colegios sobre Veterinaria desde la visi\u00f3n de una doctora en veterinaria. Talleres interactivos y conferencias con debate.\",\"breadcrumb\":{\"@id\":\"https:\/\/elenaalbertiveterinaria.com\/escuelas-talleres-para-colegios\/#breadcrumb\"},\"inLanguage\":\"en-GB\",\"potentialAction\":[{\"@type\":\"ReadAction\",\"target\":[\"https:\/\/elenaalbertiveterinaria.com\/escuelas-talleres-para-colegios\/\"]}]},{\"@type\":\"BreadcrumbList\",\"@id\":\"https:\/\/elenaalbertiveterinaria.com\/escuelas-talleres-para-colegios\/#breadcrumb\",\"itemListElement\":[{\"@type\":\"ListItem\",\"position\":1,\"name\":\"Portada\",\"item\":\"https:\/\/elenaalbertiveterinaria.com\/\"},{\"@type\":\"ListItem\",\"position\":2,\"name\":\"Familias\"}]},{\"@type\":\"WebSite\",\"@id\":\"https:\/\/elenaalbertiveterinaria.com\/#website\",\"url\":\"https:\/\/elenaalbertiveterinaria.com\/\",\"name\":\"Elena Alberti\",\"description\":\"Experta en citolog\u00edas y talleres para escuelas\",\"publisher\":{\"@id\":\"https:\/\/elenaalbertiveterinaria.com\/#organization\"},\"potentialAction\":[{\"@type\":\"SearchAction\",\"target\":{\"@type\":\"EntryPoint\",\"urlTemplate\":\"https:\/\/elenaalbertiveterinaria.com\/?s={search_term_string}\"},\"query-input\":\"required name=search_term_string\"}],\"inLanguage\":\"en-GB\"},{\"@type\":\"Organization\",\"@id\":\"https:\/\/elenaalbertiveterinaria.com\/#organization\",\"name\":\"Elena Alberti\",\"url\":\"https:\/\/elenaalbertiveterinaria.com\/\",\"logo\":{\"@type\":\"ImageObject\",\"inLanguage\":\"en-GB\",\"@id\":\"https:\/\/elenaalbertiveterinaria.com\/#\/schema\/logo\/image\/\",\"url\":\"https:\/\/elenaalbertiveterinaria.com\/wp-content\/uploads\/2023\/04\/logoelena_nuevo.png\",\"contentUrl\":\"https:\/\/elenaalbertiveterinaria.com\/wp-content\/uploads\/2023\/04\/logoelena_nuevo.png\",\"width\":2048,\"height\":2048,\"caption\":\"Elena Alberti\"},\"image\":{\"@id\":\"https:\/\/elenaalbertiveterinaria.com\/#\/schema\/logo\/image\/\"}}]}<\/script>\n<!-- \/ Yoast SEO plugin. -->","yoast_head_json":{"title":"Familias - Elena Alberti","description":"Escuelas talleres para colegios sobre Veterinaria desde la visi\u00f3n de una doctora en veterinaria. Talleres interactivos y conferencias con debate.","robots":{"index":"index","follow":"follow","max-snippet":"max-snippet:-1","max-image-preview":"max-image-preview:large","max-video-preview":"max-video-preview:-1"},"canonical":"https:\/\/elenaalbertiveterinaria.com\/en\/escuelas-talleres-para-colegios\/","og_locale":"en_GB","og_type":"article","og_title":"Familias - Elena Alberti","og_description":"Escuelas talleres para colegios sobre Veterinaria desde la visi\u00f3n de una doctora en veterinaria. Talleres interactivos y conferencias con debate.","og_url":"https:\/\/elenaalbertiveterinaria.com\/en\/escuelas-talleres-para-colegios\/","og_site_name":"Elena Alberti","article_modified_time":"2023-11-02T16:01:35+00:00","twitter_card":"summary_large_image","twitter_misc":{"Estimated reading time":"5 minutes"},"schema":{"@context":"https:\/\/schema.org","@graph":[{"@type":"WebPage","@id":"https:\/\/elenaalbertiveterinaria.com\/escuelas-talleres-para-colegios\/","url":"https:\/\/elenaalbertiveterinaria.com\/escuelas-talleres-para-colegios\/","name":"Familias - Elena Alberti","isPartOf":{"@id":"https:\/\/elenaalbertiveterinaria.com\/#website"},"datePublished":"2023-04-25T18:46:52+00:00","dateModified":"2023-11-02T16:01:35+00:00","description":"Escuelas talleres para colegios sobre Veterinaria desde la visi\u00f3n de una doctora en veterinaria. Talleres interactivos y conferencias con debate.","breadcrumb":{"@id":"https:\/\/elenaalbertiveterinaria.com\/escuelas-talleres-para-colegios\/#breadcrumb"},"inLanguage":"en-GB","potentialAction":[{"@type":"ReadAction","target":["https:\/\/elenaalbertiveterinaria.com\/escuelas-talleres-para-colegios\/"]}]},{"@type":"BreadcrumbList","@id":"https:\/\/elenaalbertiveterinaria.com\/escuelas-talleres-para-colegios\/#breadcrumb","itemListElement":[{"@type":"ListItem","position":1,"name":"Portada","item":"https:\/\/elenaalbertiveterinaria.com\/"},{"@type":"ListItem","position":2,"name":"Familias"}]},{"@type":"WebSite","@id":"https:\/\/elenaalbertiveterinaria.com\/#website","url":"https:\/\/elenaalbertiveterinaria.com\/","name":"Elena Alberti","description":"Experta en citolog\u00edas y talleres para escuelas","publisher":{"@id":"https:\/\/elenaalbertiveterinaria.com\/#organization"},"potentialAction":[{"@type":"SearchAction","target":{"@type":"EntryPoint","urlTemplate":"https:\/\/elenaalbertiveterinaria.com\/?s={search_term_string}"},"query-input":"required name=search_term_string"}],"inLanguage":"en-GB"},{"@type":"Organization","@id":"https:\/\/elenaalbertiveterinaria.com\/#organization","name":"Elena Alberti","url":"https:\/\/elenaalbertiveterinaria.com\/","logo":{"@type":"ImageObject","inLanguage":"en-GB","@id":"https:\/\/elenaalbertiveterinaria.com\/#\/schema\/logo\/image\/","url":"https:\/\/elenaalbertiveterinaria.com\/wp-content\/uploads\/2023\/04\/logoelena_nuevo.png","contentUrl":"https:\/\/elenaalbertiveterinaria.com\/wp-content\/uploads\/2023\/04\/logoelena_nuevo.png","width":2048,"height":2048,"caption":"Elena Alberti"},"image":{"@id":"https:\/\/elenaalbertiveterinaria.com\/#\/schema\/logo\/image\/"}}]}},"_links":{"self":[{"href":"https:\/\/elenaalbertiveterinaria.com\/en\/wp-json\/wp\/v2\/pages\/130"}],"collection":[{"href":"https:\/\/elenaalbertiveterinaria.com\/en\/wp-json\/wp\/v2\/pages"}],"about":[{"href":"https:\/\/elenaalbertiveterinaria.com\/en\/wp-json\/wp\/v2\/types\/page"}],"author":[{"embeddable":true,"href":"https:\/\/elenaalbertiveterinaria.com\/en\/wp-json\/wp\/v2\/users\/2"}],"replies":[{"embeddable":true,"href":"https:\/\/elenaalbertiveterinaria.com\/en\/wp-json\/wp\/v2\/comments?post=130"}],"version-history":[{"count":26,"href":"https:\/\/elenaalbertiveterinaria.com\/en\/wp-json\/wp\/v2\/pages\/130\/revisions"}],"predecessor-version":[{"id":663,"href":"https:\/\/elenaalbertiveterinaria.com\/en\/wp-json\/wp\/v2\/pages\/130\/revisions\/663"}],"wp:attachment":[{"href":"https:\/\/elenaalbertiveterinaria.com\/en\/wp-json\/wp\/v2\/media?parent=130"}],"curies":[{"name":"wp","href":"https:\/\/api.w.org\/{rel}","templated":true}]}}