{"id":110,"date":"2023-04-25T18:09:28","date_gmt":"2023-04-25T18:09:28","guid":{"rendered":"https:\/\/elenaalbertiveterinaria.com\/?page_id=110"},"modified":"2023-11-06T13:54:47","modified_gmt":"2023-11-06T13:54:47","slug":"citologias-2","status":"publish","type":"page","link":"https:\/\/elenaalbertiveterinaria.com\/en\/citologias-2\/","title":{"rendered":"Citolog\u00edas"},"content":{"rendered":"<p>[et_pb_section fb_built=\u00bb1&#8243; next_background_color=\u00bb#ffffff\u00bb _builder_version=\u00bb4.20.4&#8243; _module_preset=\u00bbdefault\u00bb background_enable_color=\u00bboff\u00bb background_image=\u00bbhttps:\/\/elenaalbertiveterinaria.com\/wp-content\/uploads\/2023\/06\/citologias.jpg\u00bb background_blend=\u00bbmultiply\u00bb custom_padding=\u00bb150px||150px||false|false\u00bb bottom_divider_style=\u00bbcurve2&#8243; animation_direction=\u00bbtop\u00bb global_colors_info=\u00bb{}\u00bb][et_pb_row column_structure=\u00bb3_5,2_5&#8243; _builder_version=\u00bb4.20.4&#8243; _module_preset=\u00bbdefault\u00bb global_colors_info=\u00bb{}\u00bb][et_pb_column type=\u00bb3_5&#8243; _builder_version=\u00bb4.20.4&#8243; _module_preset=\u00bbdefault\u00bb background_enable_color=\u00bboff\u00bb custom_padding=\u00bb|30px|30px|30px|false|false\u00bb global_colors_info=\u00bb{}\u00bb][et_pb_text _builder_version=\u00bb4.20.4&#8243; _module_preset=\u00bbdefault\u00bb header_text_color=\u00bb#AB2B3F\u00bb header_3_font=\u00bbAlata|700|||||||\u00bb header_3_text_align=\u00bbleft\u00bb header_3_text_color=\u00bb#161c2d\u00bb header_3_font_size=\u00bb36px\u00bb header_3_letter_spacing=\u00bb-1px\u00bb header_3_line_height=\u00bb1.3em\u00bb background_color=\u00bb#FFFFFF\u00bb max_width=\u00bb542px\u00bb module_alignment=\u00bbleft\u00bb custom_margin=\u00bb||||false|false\u00bb custom_margin_tablet=\u00bb-10px||||false|false\u00bb custom_margin_phone=\u00bb-10px||||false|false\u00bb custom_margin_last_edited=\u00bbon|desktop\u00bb custom_padding=\u00bb30px|30px|30px|30px|true|true\u00bb header_text_align_tablet=\u00bb\u00bb header_text_align_phone=\u00bbcenter\u00bb header_text_align_last_edited=\u00bbon|phone\u00bb border_radii=\u00bbon|15px|15px|15px|15px\u00bb box_shadow_style=\u00bbpreset3&#8243; global_colors_info=\u00bb{}\u00bb]<\/p>\n<h1><strong>Citolog\u00edas<\/strong><\/h1>\n<p>[\/et_pb_text][\/et_pb_column][et_pb_column type=\u00bb2_5&#8243; _builder_version=\u00bb4.20.4&#8243; _module_preset=\u00bbdefault\u00bb global_colors_info=\u00bb{}\u00bb][\/et_pb_column][\/et_pb_row][\/et_pb_section][et_pb_section fb_built=\u00bb1&#8243; _builder_version=\u00bb4.20.4&#8243; _module_preset=\u00bbdefault\u00bb global_colors_info=\u00bb{}\u00bb][et_pb_row column_structure=\u00bb3_5,2_5&#8243; _builder_version=\u00bb4.20.4&#8243; _module_preset=\u00bbdefault\u00bb global_colors_info=\u00bb{}\u00bb][et_pb_column type=\u00bb3_5&#8243; _builder_version=\u00bb4.20.4&#8243; _module_preset=\u00bbdefault\u00bb global_colors_info=\u00bb{}\u00bb][et_pb_text _builder_version=\u00bb4.20.4&#8243; _module_preset=\u00bbdefault\u00bb text_font=\u00bb||||||||\u00bb text_text_color=\u00bb#AB2B3F\u00bb text_font_size=\u00bb20px\u00bb text_line_height=\u00bb1.8em\u00bb global_colors_info=\u00bb{}\u00bb]<\/p>\n<p>Entre los a\u00f1os 2005 y 2007 comenz\u00f3 mi aventura microsc\u00f3pica con las <strong>citolog\u00edas<\/strong>. Trabajaba noche y d\u00eda en un gran Hospital Cl\u00ednico Veterinario y me apasion\u00e9 por dos microscopios que conectaron mi realidad con el mundo que se ve a trav\u00e9s de la lente.<\/p>\n<p>[\/et_pb_text][\/et_pb_column][et_pb_column type=\u00bb2_5&#8243; _builder_version=\u00bb4.20.4&#8243; _module_preset=\u00bbdefault\u00bb global_colors_info=\u00bb{}\u00bb][et_pb_image src=\u00bbhttps:\/\/elenaalbertiveterinaria.com\/wp-content\/uploads\/2023\/06\/citologias2.jpg\u00bb alt=\u00bbGatos\u00bb title_text=\u00bbcitologias2&#8243; _builder_version=\u00bb4.20.4&#8243; _module_preset=\u00bbdefault\u00bb hover_enabled=\u00bb0&#8243; global_colors_info=\u00bb{}\u00bb sticky_enabled=\u00bb0&#8243;][\/et_pb_image][\/et_pb_column][\/et_pb_row][\/et_pb_section][et_pb_section fb_built=\u00bb1&#8243; _builder_version=\u00bb4.20.4&#8243; _module_preset=\u00bbdefault\u00bb background_color=\u00bb#67C0B6&#8243; background_enable_image=\u00bboff\u00bb background_enable_pattern_style=\u00bbon\u00bb background_pattern_style=\u00bbconfetti\u00bb background_pattern_color=\u00bb#1abfac\u00bb custom_padding=\u00bb49px||49px||true|\u00bb scroll_horizontal_motion=\u00bb0|45|100|100|4|0|-4&#8243; scroll_fade=\u00bb0|50|70|100|0|100|100&#8243; locked=\u00bboff\u00bb global_colors_info=\u00bb{}\u00bb][et_pb_row use_custom_gutter=\u00bbon\u00bb gutter_width=\u00bb2&#8243; make_equal=\u00bbon\u00bb _builder_version=\u00bb4.20.4&#8243; _module_preset=\u00bbdefault\u00bb width=\u00bb90%\u00bb width_tablet=\u00bb90%\u00bb width_phone=\u00bb90%\u00bb width_last_edited=\u00bbon|tablet\u00bb max_width=\u00bb1110px\u00bb max_width_tablet=\u00bb90%\u00bb max_width_phone=\u00bb90%\u00bb max_width_last_edited=\u00bbon|desktop\u00bb custom_padding=\u00bb0px||0px||false|\u00bb hover_enabled=\u00bb0&#8243; global_colors_info=\u00bb{}\u00bb sticky_enabled=\u00bb0&#8243;][et_pb_column type=\u00bb4_4&#8243; _builder_version=\u00bb4.16&#8243; _module_preset=\u00bbdefault\u00bb global_colors_info=\u00bb{}\u00bb][et_pb_text _builder_version=\u00bb4.20.4&#8243; _module_preset=\u00bbdefault\u00bb header_3_font=\u00bbAlata|700|||||||\u00bb header_3_text_align=\u00bbcenter\u00bb header_3_text_color=\u00bb#ffffff\u00bb header_3_font_size=\u00bb32px\u00bb header_3_letter_spacing=\u00bb-0.5px\u00bb header_3_line_height=\u00bb1.5em\u00bb module_alignment=\u00bbcenter\u00bb custom_margin=\u00bb25px||||false|false\u00bb header_3_font_size_tablet=\u00bb\u00bb header_3_font_size_phone=\u00bb25px\u00bb header_3_font_size_last_edited=\u00bbon|phone\u00bb text_text_shadow_style=\u00bbpreset5&#8243; global_colors_info=\u00bb{}\u00bb]<\/p>\n<h3>Rellena el formulario y solicita ahora tu citolog\u00eda online<\/h3>\n<p>[\/et_pb_text][et_pb_button button_url=\u00bbhttps:\/\/docs.google.com\/forms\/d\/e\/1FAIpQLSfAwnZWE5QSwRAtL0I-xa7XsmUZ84qK4HQHP6Ut6y1oyF-wHQ\/viewform\u00bb url_new_window=\u00bbon\u00bb button_text=\u00bbEnv\u00eda tu solicitud\u00bb button_alignment=\u00bbcenter\u00bb _builder_version=\u00bb4.20.4&#8243; _module_preset=\u00bbdefault\u00bb custom_button=\u00bbon\u00bb button_text_size=\u00bb18px\u00bb button_text_color=\u00bb#FFFFFF\u00bb button_bg_color=\u00bb#AB2B3F\u00bb button_border_width=\u00bb0px\u00bb button_border_color=\u00bb#473BF0&#8243; button_border_radius=\u00bb8px\u00bb button_font=\u00bbDM Sans|700|||||||\u00bb button_use_icon=\u00bboff\u00bb custom_margin=\u00bb40px||||false|false\u00bb custom_padding=\u00bb13px|35px|13px|35px|true|true\u00bb box_shadow_style=\u00bbpreset3&#8243; locked=\u00bboff\u00bb global_colors_info=\u00bb{}\u00bb button_text_color__hover_enabled=\u00bbon|hover\u00bb button_text_color__hover=\u00bb#ffffff\u00bb button_bg_color__hover_enabled=\u00bbon|hover\u00bb button_bg_color__hover=\u00bb#aa5360&#8243; button_bg_enable_color__hover=\u00bbon\u00bb button_border_color__hover_enabled=\u00bbon|hover\u00bb button_border_color__hover=\u00bb#f64b4b\u00bb button_letter_spacing__hover_enabled=\u00bbon|desktop\u00bb button_letter_spacing__hover=\u00bb0px\u00bb][\/et_pb_button][\/et_pb_column][\/et_pb_row][\/et_pb_section][et_pb_section fb_built=\u00bb1&#8243; _builder_version=\u00bb4.20.4&#8243; _module_preset=\u00bbdefault\u00bb global_colors_info=\u00bb{}\u00bb][et_pb_row _builder_version=\u00bb4.20.4&#8243; _module_preset=\u00bbdefault\u00bb global_colors_info=\u00bb{}\u00bb][et_pb_column type=\u00bb4_4&#8243; _builder_version=\u00bb4.20.4&#8243; _module_preset=\u00bbdefault\u00bb global_colors_info=\u00bb{}\u00bb][et_pb_blurb title=\u00bbFormaci\u00f3n en Citolog\u00eda Veterinaria\u00bb use_icon=\u00bbon\u00bb font_icon=\u00bb&#xf610;||fa||900&#8243; icon_color=\u00bb#67C0B6&#8243; image_icon_width=\u00bb85px\u00bb content_max_width=\u00bb100%\u00bb icon_placement_tablet=\u00bbleft\u00bb icon_placement_phone=\u00bbtop\u00bb icon_placement_last_edited=\u00bbon|phone\u00bb _builder_version=\u00bb4.20.4&#8243; _module_preset=\u00bbdefault\u00bb header_level=\u00bbh3&#8243; header_font=\u00bb|700|||||||\u00bb header_text_align=\u00bbcenter\u00bb header_text_color=\u00bb#AB2B3F\u00bb body_font_size=\u00bb16px\u00bb background_color=\u00bb#FFFFFF\u00bb image_icon_custom_margin=\u00bb|30px|||false|false\u00bb custom_padding=\u00bb30px|30px|30px|30px|false|false\u00bb border_radii=\u00bbon|15px|15px|15px|15px\u00bb box_shadow_style=\u00bbpreset3&#8243; global_colors_info=\u00bb{}\u00bb][\/et_pb_blurb][\/et_pb_column][\/et_pb_row][et_pb_row column_structure=\u00bb1_2,1_2&#8243; _builder_version=\u00bb4.20.4&#8243; _module_preset=\u00bbdefault\u00bb global_colors_info=\u00bb{}\u00bb][et_pb_column type=\u00bb1_2&#8243; _builder_version=\u00bb4.20.4&#8243; _module_preset=\u00bbdefault\u00bb global_colors_info=\u00bb{}\u00bb][et_pb_toggle title=\u00bbObt\u00e9n muestras representativas en cualquier circunstancia\u00bb open=\u00bbon\u00bb open_toggle_text_color=\u00bb#AB2B3F\u00bb closed_toggle_background_color=\u00bbRGBA(255,255,255,0)\u00bb icon_color=\u00bb#AB2B3F\u00bb module_id=\u00bbworkshop\u00bb _builder_version=\u00bb4.20.4&#8243; _module_preset=\u00bbdefault\u00bb title_text_color=\u00bb#AB2B3F\u00bb border_radii=\u00bbon|15px|15px|15px|15px\u00bb border_color_all=\u00bb#67C0B6&#8243; locked=\u00bboff\u00bb global_colors_info=\u00bb{}\u00bb]<\/p>\n<p dir=\"ltr\" class=\"CDt4Ke zfr3Q\"><span>Con este<strong> workshop de dos d\u00edas<\/strong>, 100% pr\u00e1ctico, vas a aprender los entresijos de esta maravillosa y poco agresiva habilidad, para entender el por qu\u00e9 en algunos casos, la t\u00e9cnica pueda ser otra, y obtengas muestras dignas de un diagn\u00f3stico en cualquier situaci\u00f3n.<\/span><\/p>\n<p dir=\"ltr\" class=\"CDt4Ke zfr3Q\"><span>Y no vuelvas a citar al cliente porque la muestra no es diagn\u00f3stica.<\/span><\/p>\n<p dir=\"ltr\" class=\"CDt4Ke zfr3Q\"><span>Es un workshop pens<\/span><span>ado para ti, que est\u00e1s hasta el mo\u00f1o de pinchar para que, al cabo de unos d\u00edas, llegue un informe no diagn\u00f3stico.<\/span><\/p>\n<p>[\/et_pb_toggle][et_pb_button button_url=\u00bbhttps:\/\/docs.google.com\/forms\/d\/e\/1FAIpQLSfWMZSLsds5q3vIgZacHdWLQx3ZWnVCRSnbi_YxKN39wUwV-w\/viewform\u00bb url_new_window=\u00bbon\u00bb button_text=\u00bbMe apunto\u00bb button_alignment=\u00bbcenter\u00bb _builder_version=\u00bb4.20.4&#8243; _module_preset=\u00bbdefault\u00bb custom_button=\u00bbon\u00bb button_text_size=\u00bb18px\u00bb button_text_color=\u00bb#FFFFFF\u00bb button_bg_color=\u00bb#67C0B6&#8243; button_border_width=\u00bb0px\u00bb button_border_color=\u00bb#473BF0&#8243; button_border_radius=\u00bb8px\u00bb button_font=\u00bbDM Sans|700|||||||\u00bb button_use_icon=\u00bboff\u00bb custom_margin=\u00bb40px||||false|false\u00bb custom_padding=\u00bb13px|35px|13px|35px|true|true\u00bb box_shadow_style=\u00bbpreset3&#8243; locked=\u00bboff\u00bb global_colors_info=\u00bb{}\u00bb button_text_color__hover_enabled=\u00bbon|hover\u00bb button_text_color__hover=\u00bb#ffffff\u00bb button_bg_color__hover_enabled=\u00bbon|desktop\u00bb button_bg_color__hover=\u00bbrgba(103,192,182,0.74)\u00bb button_bg_enable_color__hover=\u00bbon\u00bb button_border_color__hover_enabled=\u00bbon|hover\u00bb button_border_color__hover=\u00bb#f64b4b\u00bb button_letter_spacing__hover_enabled=\u00bbon|desktop\u00bb button_letter_spacing__hover=\u00bb0px\u00bb][\/et_pb_button][\/et_pb_column][et_pb_column type=\u00bb1_2&#8243; _builder_version=\u00bb4.20.4&#8243; _module_preset=\u00bbdefault\u00bb global_colors_info=\u00bb{}\u00bb][et_pb_toggle title=\u00bbHazte responsable de interpretar tus propias citolog\u00edas \u00bb open=\u00bbon\u00bb open_toggle_text_color=\u00bb#AB2B3F\u00bb closed_toggle_background_color=\u00bbRGBA(255,255,255,0)\u00bb icon_color=\u00bb#AB2B3F\u00bb module_id=\u00bbmentoria\u00bb _builder_version=\u00bb4.20.4&#8243; _module_preset=\u00bbdefault\u00bb title_text_color=\u00bb#AB2B3F\u00bb border_radii=\u00bbon|15px|15px|15px|15px\u00bb border_color_all=\u00bb#67C0B6&#8243; locked=\u00bboff\u00bb global_colors_info=\u00bb{}\u00bb]<\/p>\n<p dir=\"ltr\" class=\"CDt4Ke zfr3Q\"><span>El objetivo de est<\/span><span>a\u00a0<\/span><span><strong>mentor\u00eda<\/strong><\/span><span><strong>\u00a0de 12 semanas<\/strong><\/span><span>\u00a0es capacitarte con las herrami<\/span><span>entas necesarias para encargarte del diagn\u00f3stico citol\u00f3gico del cent<\/span><span>ro veterinario donde trabajas.<\/span><\/p>\n<p>[\/et_pb_toggle][et_pb_button button_url=\u00bbhttps:\/\/docs.google.com\/forms\/d\/e\/1FAIpQLSfWMZSLsds5q3vIgZacHdWLQx3ZWnVCRSnbi_YxKN39wUwV-w\/viewform\u00bb url_new_window=\u00bbon\u00bb button_text=\u00bbMe apunto\u00bb button_alignment=\u00bbcenter\u00bb _builder_version=\u00bb4.20.4&#8243; _module_preset=\u00bbdefault\u00bb custom_button=\u00bbon\u00bb button_text_size=\u00bb18px\u00bb button_text_color=\u00bb#FFFFFF\u00bb button_bg_color=\u00bb#67C0B6&#8243; button_border_width=\u00bb0px\u00bb button_border_color=\u00bb#473BF0&#8243; button_border_radius=\u00bb8px\u00bb button_font=\u00bbDM Sans|700|||||||\u00bb button_use_icon=\u00bboff\u00bb custom_margin=\u00bb40px||||false|false\u00bb custom_padding=\u00bb13px|35px|13px|35px|true|true\u00bb box_shadow_style=\u00bbpreset3&#8243; locked=\u00bboff\u00bb global_colors_info=\u00bb{}\u00bb button_text_color__hover_enabled=\u00bbon|hover\u00bb button_text_color__hover=\u00bb#ffffff\u00bb button_bg_color__hover_enabled=\u00bbon|desktop\u00bb button_bg_color__hover=\u00bbrgba(103,192,182,0.74)\u00bb button_bg_enable_color__hover=\u00bbon\u00bb button_border_color__hover_enabled=\u00bbon|hover\u00bb button_border_color__hover=\u00bb#f64b4b\u00bb button_letter_spacing__hover_enabled=\u00bbon|desktop\u00bb button_letter_spacing__hover=\u00bb0px\u00bb][\/et_pb_button][\/et_pb_column][\/et_pb_row][\/et_pb_section]<\/p>","protected":false},"excerpt":{"rendered":"<p>Citolog\u00edasEntre los a\u00f1os 2005 y 2007 comenz\u00f3 mi aventura microsc\u00f3pica con las citolog\u00edas. Trabajaba noche y d\u00eda en un gran Hospital Cl\u00ednico Veterinario y me apasion\u00e9 por dos microscopios que conectaron mi realidad con el mundo que se ve a trav\u00e9s de la lente.Rellena el formulario y solicita ahora tu citolog\u00eda onlineCon este workshop de [&hellip;]<\/p>","protected":false},"author":2,"featured_media":0,"parent":0,"menu_order":0,"comment_status":"closed","ping_status":"closed","template":"","meta":{"_et_pb_use_builder":"on","_et_pb_old_content":"","_et_gb_content_width":"","om_disable_all_campaigns":false,"_monsterinsights_skip_tracking":false,"_monsterinsights_sitenote_active":false,"_monsterinsights_sitenote_note":"","_monsterinsights_sitenote_category":0,"_uf_show_specific_survey":0,"_uf_disable_surveys":false,"footnotes":""},"aioseo_notices":[],"yoast_head":"<!-- This site is optimized with the Yoast SEO plugin v22.9 - https:\/\/yoast.com\/wordpress\/plugins\/seo\/ -->\n<title>Citolog\u00edas - Elena Alberti<\/title>\n<meta name=\"robots\" content=\"index, follow, max-snippet:-1, max-image-preview:large, max-video-preview:-1\" \/>\n<link rel=\"canonical\" href=\"https:\/\/elenaalbertiveterinaria.com\/en\/citologias-2\/\" \/>\n<meta property=\"og:locale\" content=\"en_GB\" \/>\n<meta property=\"og:type\" content=\"article\" \/>\n<meta property=\"og:title\" content=\"Citolog\u00edas - Elena Alberti\" \/>\n<meta property=\"og:description\" content=\"Citolog\u00edasEntre los a\u00f1os 2005 y 2007 comenz\u00f3 mi aventura microsc\u00f3pica con las citolog\u00edas. Trabajaba noche y d\u00eda en un gran Hospital Cl\u00ednico Veterinario y me apasion\u00e9 por dos microscopios que conectaron mi realidad con el mundo que se ve a trav\u00e9s de la lente.Rellena el formulario y solicita ahora tu citolog\u00eda onlineCon este workshop de [&hellip;]\" \/>\n<meta property=\"og:url\" content=\"https:\/\/elenaalbertiveterinaria.com\/en\/citologias-2\/\" \/>\n<meta property=\"og:site_name\" content=\"Elena Alberti\" \/>\n<meta property=\"article:modified_time\" content=\"2023-11-06T13:54:47+00:00\" \/>\n<meta name=\"twitter:card\" content=\"summary_large_image\" \/>\n<meta name=\"twitter:label1\" content=\"Estimated reading time\" \/>\n\t<meta name=\"twitter:data1\" content=\"7 minutes\" \/>\n<script type=\"application\/ld+json\" class=\"yoast-schema-graph\">{\"@context\":\"https:\/\/schema.org\",\"@graph\":[{\"@type\":\"WebPage\",\"@id\":\"https:\/\/elenaalbertiveterinaria.com\/citologias-2\/\",\"url\":\"https:\/\/elenaalbertiveterinaria.com\/citologias-2\/\",\"name\":\"Citolog\u00edas - Elena Alberti\",\"isPartOf\":{\"@id\":\"https:\/\/elenaalbertiveterinaria.com\/#website\"},\"datePublished\":\"2023-04-25T18:09:28+00:00\",\"dateModified\":\"2023-11-06T13:54:47+00:00\",\"breadcrumb\":{\"@id\":\"https:\/\/elenaalbertiveterinaria.com\/citologias-2\/#breadcrumb\"},\"inLanguage\":\"en-GB\",\"potentialAction\":[{\"@type\":\"ReadAction\",\"target\":[\"https:\/\/elenaalbertiveterinaria.com\/citologias-2\/\"]}]},{\"@type\":\"BreadcrumbList\",\"@id\":\"https:\/\/elenaalbertiveterinaria.com\/citologias-2\/#breadcrumb\",\"itemListElement\":[{\"@type\":\"ListItem\",\"position\":1,\"name\":\"Portada\",\"item\":\"https:\/\/elenaalbertiveterinaria.com\/\"},{\"@type\":\"ListItem\",\"position\":2,\"name\":\"Citolog\u00edas\"}]},{\"@type\":\"WebSite\",\"@id\":\"https:\/\/elenaalbertiveterinaria.com\/#website\",\"url\":\"https:\/\/elenaalbertiveterinaria.com\/\",\"name\":\"Elena Alberti\",\"description\":\"Experta en citolog\u00edas y talleres para escuelas\",\"publisher\":{\"@id\":\"https:\/\/elenaalbertiveterinaria.com\/#organization\"},\"potentialAction\":[{\"@type\":\"SearchAction\",\"target\":{\"@type\":\"EntryPoint\",\"urlTemplate\":\"https:\/\/elenaalbertiveterinaria.com\/?s={search_term_string}\"},\"query-input\":\"required name=search_term_string\"}],\"inLanguage\":\"en-GB\"},{\"@type\":\"Organization\",\"@id\":\"https:\/\/elenaalbertiveterinaria.com\/#organization\",\"name\":\"Elena Alberti\",\"url\":\"https:\/\/elenaalbertiveterinaria.com\/\",\"logo\":{\"@type\":\"ImageObject\",\"inLanguage\":\"en-GB\",\"@id\":\"https:\/\/elenaalbertiveterinaria.com\/#\/schema\/logo\/image\/\",\"url\":\"https:\/\/elenaalbertiveterinaria.com\/wp-content\/uploads\/2023\/04\/logoelena_nuevo.png\",\"contentUrl\":\"https:\/\/elenaalbertiveterinaria.com\/wp-content\/uploads\/2023\/04\/logoelena_nuevo.png\",\"width\":2048,\"height\":2048,\"caption\":\"Elena Alberti\"},\"image\":{\"@id\":\"https:\/\/elenaalbertiveterinaria.com\/#\/schema\/logo\/image\/\"}}]}<\/script>\n<!-- \/ Yoast SEO plugin. -->","yoast_head_json":{"title":"Citolog\u00edas - Elena Alberti","robots":{"index":"index","follow":"follow","max-snippet":"max-snippet:-1","max-image-preview":"max-image-preview:large","max-video-preview":"max-video-preview:-1"},"canonical":"https:\/\/elenaalbertiveterinaria.com\/en\/citologias-2\/","og_locale":"en_GB","og_type":"article","og_title":"Citolog\u00edas - Elena Alberti","og_description":"Citolog\u00edasEntre los a\u00f1os 2005 y 2007 comenz\u00f3 mi aventura microsc\u00f3pica con las citolog\u00edas. Trabajaba noche y d\u00eda en un gran Hospital Cl\u00ednico Veterinario y me apasion\u00e9 por dos microscopios que conectaron mi realidad con el mundo que se ve a trav\u00e9s de la lente.Rellena el formulario y solicita ahora tu citolog\u00eda onlineCon este workshop de [&hellip;]","og_url":"https:\/\/elenaalbertiveterinaria.com\/en\/citologias-2\/","og_site_name":"Elena Alberti","article_modified_time":"2023-11-06T13:54:47+00:00","twitter_card":"summary_large_image","twitter_misc":{"Estimated reading time":"7 minutes"},"schema":{"@context":"https:\/\/schema.org","@graph":[{"@type":"WebPage","@id":"https:\/\/elenaalbertiveterinaria.com\/citologias-2\/","url":"https:\/\/elenaalbertiveterinaria.com\/citologias-2\/","name":"Citolog\u00edas - Elena Alberti","isPartOf":{"@id":"https:\/\/elenaalbertiveterinaria.com\/#website"},"datePublished":"2023-04-25T18:09:28+00:00","dateModified":"2023-11-06T13:54:47+00:00","breadcrumb":{"@id":"https:\/\/elenaalbertiveterinaria.com\/citologias-2\/#breadcrumb"},"inLanguage":"en-GB","potentialAction":[{"@type":"ReadAction","target":["https:\/\/elenaalbertiveterinaria.com\/citologias-2\/"]}]},{"@type":"BreadcrumbList","@id":"https:\/\/elenaalbertiveterinaria.com\/citologias-2\/#breadcrumb","itemListElement":[{"@type":"ListItem","position":1,"name":"Portada","item":"https:\/\/elenaalbertiveterinaria.com\/"},{"@type":"ListItem","position":2,"name":"Citolog\u00edas"}]},{"@type":"WebSite","@id":"https:\/\/elenaalbertiveterinaria.com\/#website","url":"https:\/\/elenaalbertiveterinaria.com\/","name":"Elena Alberti","description":"Experta en citolog\u00edas y talleres para escuelas","publisher":{"@id":"https:\/\/elenaalbertiveterinaria.com\/#organization"},"potentialAction":[{"@type":"SearchAction","target":{"@type":"EntryPoint","urlTemplate":"https:\/\/elenaalbertiveterinaria.com\/?s={search_term_string}"},"query-input":"required name=search_term_string"}],"inLanguage":"en-GB"},{"@type":"Organization","@id":"https:\/\/elenaalbertiveterinaria.com\/#organization","name":"Elena Alberti","url":"https:\/\/elenaalbertiveterinaria.com\/","logo":{"@type":"ImageObject","inLanguage":"en-GB","@id":"https:\/\/elenaalbertiveterinaria.com\/#\/schema\/logo\/image\/","url":"https:\/\/elenaalbertiveterinaria.com\/wp-content\/uploads\/2023\/04\/logoelena_nuevo.png","contentUrl":"https:\/\/elenaalbertiveterinaria.com\/wp-content\/uploads\/2023\/04\/logoelena_nuevo.png","width":2048,"height":2048,"caption":"Elena Alberti"},"image":{"@id":"https:\/\/elenaalbertiveterinaria.com\/#\/schema\/logo\/image\/"}}]}},"_links":{"self":[{"href":"https:\/\/elenaalbertiveterinaria.com\/en\/wp-json\/wp\/v2\/pages\/110"}],"collection":[{"href":"https:\/\/elenaalbertiveterinaria.com\/en\/wp-json\/wp\/v2\/pages"}],"about":[{"href":"https:\/\/elenaalbertiveterinaria.com\/en\/wp-json\/wp\/v2\/types\/page"}],"author":[{"embeddable":true,"href":"https:\/\/elenaalbertiveterinaria.com\/en\/wp-json\/wp\/v2\/users\/2"}],"replies":[{"embeddable":true,"href":"https:\/\/elenaalbertiveterinaria.com\/en\/wp-json\/wp\/v2\/comments?post=110"}],"version-history":[{"count":22,"href":"https:\/\/elenaalbertiveterinaria.com\/en\/wp-json\/wp\/v2\/pages\/110\/revisions"}],"predecessor-version":[{"id":710,"href":"https:\/\/elenaalbertiveterinaria.com\/en\/wp-json\/wp\/v2\/pages\/110\/revisions\/710"}],"wp:attachment":[{"href":"https:\/\/elenaalbertiveterinaria.com\/en\/wp-json\/wp\/v2\/media?parent=110"}],"curies":[{"name":"wp","href":"https:\/\/api.w.org\/{rel}","templated":true}]}}